{"id":569,"date":"2018-10-01T13:10:05","date_gmt":"2018-10-01T13:10:05","guid":{"rendered":"https:\/\/bergangus.ch\/wpBergangus\/?page_id=569"},"modified":"2025-05-28T08:21:59","modified_gmt":"2025-05-28T08:21:59","slug":"black-angus-2","status":"publish","type":"page","link":"https:\/\/bergangus.ch\/wpBergangus\/black-angus-2\/","title":{"rendered":"Black Angus"},"content":{"rendered":"\t\t<div data-elementor-type=\"wp-post\" data-elementor-id=\"569\" class=\"elementor elementor-569\">\n\t\t\t\t<div class=\"elementor-element elementor-element-0c9783b e-flex e-con-boxed e-con e-parent\" data-id=\"0c9783b\" data-element_type=\"container\" data-e-type=\"container\" data-settings=\"{&quot;background_background&quot;:&quot;classic&quot;,&quot;shape_divider_bottom&quot;:&quot;triangle&quot;}\">\n\t\t\t\t\t<div class=\"e-con-inner\">\n\t\t\t\t<div class=\"elementor-shape elementor-shape-bottom\" aria-hidden=\"true\" data-negative=\"false\">\n\t\t\t<svg xmlns=\"http:\/\/www.w3.org\/2000\/svg\" viewBox=\"0 0 1000 100\" preserveAspectRatio=\"none\">\n\t<path class=\"elementor-shape-fill\" d=\"M500,98.9L0,6.1V0h1000v6.1L500,98.9z\"\/>\n<\/svg>\t\t<\/div>\n\t\t<div class=\"elementor-element elementor-element-69f6b4b e-con-full e-flex e-con e-child\" data-id=\"69f6b4b\" data-element_type=\"container\" data-e-type=\"container\">\n\t\t\t\t<\/div>\n\t\t<div class=\"elementor-element elementor-element-53e4026 e-con-full e-flex e-con e-child\" data-id=\"53e4026\" data-element_type=\"container\" data-e-type=\"container\">\n\t\t\t\t<div class=\"elementor-element elementor-element-5e87003 elementor-invisible elementor-widget elementor-widget-heading\" data-id=\"5e87003\" data-element_type=\"widget\" data-e-type=\"widget\" data-settings=\"{&quot;_animation&quot;:&quot;fadeInDown&quot;}\" data-widget_type=\"heading.default\">\n\t\t\t\t<div class=\"elementor-widget-container\">\n\t\t\t\t\t<h3 class=\"elementor-heading-title elementor-size-default\">Mehr zu<\/h3>\t\t\t\t<\/div>\n\t\t\t\t<\/div>\n\t\t\t\t<div class=\"elementor-element elementor-element-9347d3b elementor-invisible elementor-widget elementor-widget-heading\" data-id=\"9347d3b\" data-element_type=\"widget\" data-e-type=\"widget\" data-settings=\"{&quot;_animation&quot;:&quot;fadeInUp&quot;,&quot;_animation_delay&quot;:200}\" data-widget_type=\"heading.default\">\n\t\t\t\t<div class=\"elementor-widget-container\">\n\t\t\t\t\t<h1 class=\"elementor-heading-title elementor-size-default\">Black Angus<\/h1>\t\t\t\t<\/div>\n\t\t\t\t<\/div>\n\t\t\t\t<\/div>\n\t\t<div class=\"elementor-element elementor-element-1963e7b e-con-full e-flex e-con e-child\" data-id=\"1963e7b\" data-element_type=\"container\" data-e-type=\"container\">\n\t\t\t\t<\/div>\n\t\t\t\t\t<\/div>\n\t\t\t\t<\/div>\n\t\t<div class=\"elementor-element elementor-element-84f0f4d e-flex e-con-boxed e-con e-parent\" data-id=\"84f0f4d\" data-element_type=\"container\" data-e-type=\"container\">\n\t\t\t\t\t<div class=\"e-con-inner\">\n\t\t\t\t<div class=\"elementor-element elementor-element-95ece9a elementor-widget elementor-widget-heading\" data-id=\"95ece9a\" data-element_type=\"widget\" data-e-type=\"widget\" data-widget_type=\"heading.default\">\n\t\t\t\t<div class=\"elementor-widget-container\">\n\t\t\t\t\t<h2 class=\"elementor-heading-title elementor-size-default\"><br>Das Rind mit den schottischen Wurzeln<\/h2>\t\t\t\t<\/div>\n\t\t\t\t<\/div>\n\t\t\t\t<div class=\"elementor-element elementor-element-5e8c35d elementor-widget-divider--view-line elementor-widget elementor-widget-divider\" data-id=\"5e8c35d\" data-element_type=\"widget\" data-e-type=\"widget\" data-widget_type=\"divider.default\">\n\t\t\t\t<div class=\"elementor-widget-container\">\n\t\t\t\t\t\t\t<div class=\"elementor-divider\">\n\t\t\t<span class=\"elementor-divider-separator\">\n\t\t\t\t\t\t<\/span>\n\t\t<\/div>\n\t\t\t\t\t\t<\/div>\n\t\t\t\t<\/div>\n\t\t\t\t<div class=\"elementor-element elementor-element-82a2bd0 elementor-widget elementor-widget-image-gallery\" data-id=\"82a2bd0\" data-element_type=\"widget\" data-e-type=\"widget\" data-widget_type=\"image-gallery.default\">\n\t\t\t\t<div class=\"elementor-widget-container\">\n\t\t\t\t\t\t\t<div class=\"elementor-image-gallery\">\n\t\t\t<div id='gallery-1' class='gallery galleryid-569 gallery-columns-4 gallery-size-medium'><figure class='gallery-item'>\n\t\t\t<div class='gallery-icon landscape'>\n\t\t\t\t<a data-elementor-open-lightbox=\"yes\" data-elementor-lightbox-slideshow=\"82a2bd0\" data-elementor-lightbox-title=\"image12990-435x435\" data-e-action-hash=\"#elementor-action%3Aaction%3Dlightbox%26settings%3DeyJpZCI6MTI5NywidXJsIjoiaHR0cHM6XC9cL2Jlcmdhbmd1cy5jaFwvd3BCZXJnYW5ndXNcL3dwLWNvbnRlbnRcL3VwbG9hZHNcLzIwMjNcLzEyXC9pbWFnZTEyOTkwLTQzNXg0MzUtMS5qcGVnIiwic2xpZGVzaG93IjoiODJhMmJkMCJ9\" href='https:\/\/bergangus.ch\/wpBergangus\/wp-content\/uploads\/2023\/12\/image12990-435x435-1.jpeg'><img fetchpriority=\"high\" decoding=\"async\" width=\"300\" height=\"300\" src=\"https:\/\/bergangus.ch\/wpBergangus\/wp-content\/uploads\/2023\/12\/image12990-435x435-1-300x300.jpeg\" class=\"attachment-medium size-medium\" alt=\"\" srcset=\"https:\/\/bergangus.ch\/wpBergangus\/wp-content\/uploads\/2023\/12\/image12990-435x435-1-300x300.jpeg 300w, https:\/\/bergangus.ch\/wpBergangus\/wp-content\/uploads\/2023\/12\/image12990-435x435-1-150x150.jpeg 150w, https:\/\/bergangus.ch\/wpBergangus\/wp-content\/uploads\/2023\/12\/image12990-435x435-1.jpeg 435w\" sizes=\"(max-width: 300px) 100vw, 300px\" \/><\/a>\n\t\t\t<\/div><\/figure><figure class='gallery-item'>\n\t\t\t<div class='gallery-icon landscape'>\n\t\t\t\t<a data-elementor-open-lightbox=\"yes\" data-elementor-lightbox-slideshow=\"82a2bd0\" data-elementor-lightbox-title=\"SONY DSC\" data-e-action-hash=\"#elementor-action%3Aaction%3Dlightbox%26settings%3DeyJpZCI6MTI5MiwidXJsIjoiaHR0cHM6XC9cL2Jlcmdhbmd1cy5jaFwvd3BCZXJnYW5ndXNcL3dwLWNvbnRlbnRcL3VwbG9hZHNcLzIwMjNcLzEyXC9EU0MwNzYwOC00MzV4NDM1LTEuanBnIiwic2xpZGVzaG93IjoiODJhMmJkMCJ9\" href='https:\/\/bergangus.ch\/wpBergangus\/wp-content\/uploads\/2023\/12\/DSC07608-435x435-1.jpg'><img decoding=\"async\" width=\"300\" height=\"300\" src=\"https:\/\/bergangus.ch\/wpBergangus\/wp-content\/uploads\/2023\/12\/DSC07608-435x435-1-300x300.jpg\" class=\"attachment-medium size-medium\" alt=\"\" srcset=\"https:\/\/bergangus.ch\/wpBergangus\/wp-content\/uploads\/2023\/12\/DSC07608-435x435-1-300x300.jpg 300w, https:\/\/bergangus.ch\/wpBergangus\/wp-content\/uploads\/2023\/12\/DSC07608-435x435-1-150x150.jpg 150w, https:\/\/bergangus.ch\/wpBergangus\/wp-content\/uploads\/2023\/12\/DSC07608-435x435-1.jpg 435w\" sizes=\"(max-width: 300px) 100vw, 300px\" \/><\/a>\n\t\t\t<\/div><\/figure><figure class='gallery-item'>\n\t\t\t<div class='gallery-icon landscape'>\n\t\t\t\t<a data-elementor-open-lightbox=\"yes\" data-elementor-lightbox-slideshow=\"82a2bd0\" data-elementor-lightbox-title=\"SONY DSC\" data-e-action-hash=\"#elementor-action%3Aaction%3Dlightbox%26settings%3DeyJpZCI6MTI5NCwidXJsIjoiaHR0cHM6XC9cL2Jlcmdhbmd1cy5jaFwvd3BCZXJnYW5ndXNcL3dwLWNvbnRlbnRcL3VwbG9hZHNcLzIwMjNcLzEyXC9EU0MwNzYxMy00MzV4NDM1LTEuanBnIiwic2xpZGVzaG93IjoiODJhMmJkMCJ9\" href='https:\/\/bergangus.ch\/wpBergangus\/wp-content\/uploads\/2023\/12\/DSC07613-435x435-1.jpg'><img decoding=\"async\" width=\"300\" height=\"300\" src=\"https:\/\/bergangus.ch\/wpBergangus\/wp-content\/uploads\/2023\/12\/DSC07613-435x435-1-300x300.jpg\" class=\"attachment-medium size-medium\" alt=\"\" srcset=\"https:\/\/bergangus.ch\/wpBergangus\/wp-content\/uploads\/2023\/12\/DSC07613-435x435-1-300x300.jpg 300w, https:\/\/bergangus.ch\/wpBergangus\/wp-content\/uploads\/2023\/12\/DSC07613-435x435-1-150x150.jpg 150w, https:\/\/bergangus.ch\/wpBergangus\/wp-content\/uploads\/2023\/12\/DSC07613-435x435-1.jpg 435w\" sizes=\"(max-width: 300px) 100vw, 300px\" \/><\/a>\n\t\t\t<\/div><\/figure><figure class='gallery-item'>\n\t\t\t<div class='gallery-icon landscape'>\n\t\t\t\t<a data-elementor-open-lightbox=\"yes\" data-elementor-lightbox-slideshow=\"82a2bd0\" data-elementor-lightbox-title=\"SONY DSC\" data-e-action-hash=\"#elementor-action%3Aaction%3Dlightbox%26settings%3DeyJpZCI6MTMxNywidXJsIjoiaHR0cHM6XC9cL2Jlcmdhbmd1cy5jaFwvd3BCZXJnYW5ndXNcL3dwLWNvbnRlbnRcL3VwbG9hZHNcLzIwMjNcLzEyXC9EU0MwNzYxNy00MzV4NDM1LTEuanBnIiwic2xpZGVzaG93IjoiODJhMmJkMCJ9\" href='https:\/\/bergangus.ch\/wpBergangus\/wp-content\/uploads\/2023\/12\/DSC07617-435x435-1.jpg'><img loading=\"lazy\" decoding=\"async\" width=\"300\" height=\"300\" src=\"https:\/\/bergangus.ch\/wpBergangus\/wp-content\/uploads\/2023\/12\/DSC07617-435x435-1-300x300.jpg\" class=\"attachment-medium size-medium\" alt=\"\" srcset=\"https:\/\/bergangus.ch\/wpBergangus\/wp-content\/uploads\/2023\/12\/DSC07617-435x435-1-300x300.jpg 300w, https:\/\/bergangus.ch\/wpBergangus\/wp-content\/uploads\/2023\/12\/DSC07617-435x435-1-150x150.jpg 150w, https:\/\/bergangus.ch\/wpBergangus\/wp-content\/uploads\/2023\/12\/DSC07617-435x435-1.jpg 435w\" sizes=\"(max-width: 300px) 100vw, 300px\" \/><\/a>\n\t\t\t<\/div><\/figure><figure class='gallery-item'>\n\t\t\t<div class='gallery-icon landscape'>\n\t\t\t\t<a data-elementor-open-lightbox=\"yes\" data-elementor-lightbox-slideshow=\"82a2bd0\" data-elementor-lightbox-title=\"SONY DSC\" data-e-action-hash=\"#elementor-action%3Aaction%3Dlightbox%26settings%3DeyJpZCI6MTI5MywidXJsIjoiaHR0cHM6XC9cL2Jlcmdhbmd1cy5jaFwvd3BCZXJnYW5ndXNcL3dwLWNvbnRlbnRcL3VwbG9hZHNcLzIwMjNcLzEyXC9EU0MwNzYxMS00MzV4NDM1LTEuanBnIiwic2xpZGVzaG93IjoiODJhMmJkMCJ9\" href='https:\/\/bergangus.ch\/wpBergangus\/wp-content\/uploads\/2023\/12\/DSC07611-435x435-1.jpg'><img loading=\"lazy\" decoding=\"async\" width=\"300\" height=\"300\" src=\"https:\/\/bergangus.ch\/wpBergangus\/wp-content\/uploads\/2023\/12\/DSC07611-435x435-1-300x300.jpg\" class=\"attachment-medium size-medium\" alt=\"\" srcset=\"https:\/\/bergangus.ch\/wpBergangus\/wp-content\/uploads\/2023\/12\/DSC07611-435x435-1-300x300.jpg 300w, https:\/\/bergangus.ch\/wpBergangus\/wp-content\/uploads\/2023\/12\/DSC07611-435x435-1-150x150.jpg 150w, https:\/\/bergangus.ch\/wpBergangus\/wp-content\/uploads\/2023\/12\/DSC07611-435x435-1.jpg 435w\" sizes=\"(max-width: 300px) 100vw, 300px\" \/><\/a>\n\t\t\t<\/div><\/figure><figure class='gallery-item'>\n\t\t\t<div class='gallery-icon landscape'>\n\t\t\t\t<a data-elementor-open-lightbox=\"yes\" data-elementor-lightbox-slideshow=\"82a2bd0\" data-elementor-lightbox-title=\"IMG-20210531-WA0036-435x435\" data-e-action-hash=\"#elementor-action%3Aaction%3Dlightbox%26settings%3DeyJpZCI6MTI5OCwidXJsIjoiaHR0cHM6XC9cL2Jlcmdhbmd1cy5jaFwvd3BCZXJnYW5ndXNcL3dwLWNvbnRlbnRcL3VwbG9hZHNcLzIwMjNcLzEyXC9JTUctMjAyMTA1MzEtV0EwMDM2LTQzNXg0MzUtMS5qcGciLCJzbGlkZXNob3ciOiI4MmEyYmQwIn0%3D\" href='https:\/\/bergangus.ch\/wpBergangus\/wp-content\/uploads\/2023\/12\/IMG-20210531-WA0036-435x435-1.jpg'><img loading=\"lazy\" decoding=\"async\" width=\"300\" height=\"300\" src=\"https:\/\/bergangus.ch\/wpBergangus\/wp-content\/uploads\/2023\/12\/IMG-20210531-WA0036-435x435-1-300x300.jpg\" class=\"attachment-medium size-medium\" alt=\"\" srcset=\"https:\/\/bergangus.ch\/wpBergangus\/wp-content\/uploads\/2023\/12\/IMG-20210531-WA0036-435x435-1-300x300.jpg 300w, https:\/\/bergangus.ch\/wpBergangus\/wp-content\/uploads\/2023\/12\/IMG-20210531-WA0036-435x435-1-150x150.jpg 150w, https:\/\/bergangus.ch\/wpBergangus\/wp-content\/uploads\/2023\/12\/IMG-20210531-WA0036-435x435-1.jpg 435w\" sizes=\"(max-width: 300px) 100vw, 300px\" \/><\/a>\n\t\t\t<\/div><\/figure><figure class='gallery-item'>\n\t\t\t<div class='gallery-icon landscape'>\n\t\t\t\t<a data-elementor-open-lightbox=\"yes\" data-elementor-lightbox-slideshow=\"82a2bd0\" data-elementor-lightbox-title=\"SONY DSC\" data-e-action-hash=\"#elementor-action%3Aaction%3Dlightbox%26settings%3DeyJpZCI6MTI5NSwidXJsIjoiaHR0cHM6XC9cL2Jlcmdhbmd1cy5jaFwvd3BCZXJnYW5ndXNcL3dwLWNvbnRlbnRcL3VwbG9hZHNcLzIwMjNcLzEyXC9EU0MwNzYxNC00MzV4NDM1LTEuanBnIiwic2xpZGVzaG93IjoiODJhMmJkMCJ9\" href='https:\/\/bergangus.ch\/wpBergangus\/wp-content\/uploads\/2023\/12\/DSC07614-435x435-1.jpg'><img loading=\"lazy\" decoding=\"async\" width=\"300\" height=\"300\" src=\"https:\/\/bergangus.ch\/wpBergangus\/wp-content\/uploads\/2023\/12\/DSC07614-435x435-1-300x300.jpg\" class=\"attachment-medium size-medium\" alt=\"\" srcset=\"https:\/\/bergangus.ch\/wpBergangus\/wp-content\/uploads\/2023\/12\/DSC07614-435x435-1-300x300.jpg 300w, https:\/\/bergangus.ch\/wpBergangus\/wp-content\/uploads\/2023\/12\/DSC07614-435x435-1-150x150.jpg 150w, https:\/\/bergangus.ch\/wpBergangus\/wp-content\/uploads\/2023\/12\/DSC07614-435x435-1.jpg 435w\" sizes=\"(max-width: 300px) 100vw, 300px\" \/><\/a>\n\t\t\t<\/div><\/figure><figure class='gallery-item'>\n\t\t\t<div class='gallery-icon landscape'>\n\t\t\t\t<a data-elementor-open-lightbox=\"yes\" data-elementor-lightbox-slideshow=\"82a2bd0\" data-elementor-lightbox-title=\"SONY DSC\" data-e-action-hash=\"#elementor-action%3Aaction%3Dlightbox%26settings%3DeyJpZCI6MTI5MSwidXJsIjoiaHR0cHM6XC9cL2Jlcmdhbmd1cy5jaFwvd3BCZXJnYW5ndXNcL3dwLWNvbnRlbnRcL3VwbG9hZHNcLzIwMjNcLzEyXC9EU0MwNzYwNC00MzV4NDM1LTEuanBnIiwic2xpZGVzaG93IjoiODJhMmJkMCJ9\" href='https:\/\/bergangus.ch\/wpBergangus\/wp-content\/uploads\/2023\/12\/DSC07604-435x435-1.jpg'><img loading=\"lazy\" decoding=\"async\" width=\"300\" height=\"300\" src=\"https:\/\/bergangus.ch\/wpBergangus\/wp-content\/uploads\/2023\/12\/DSC07604-435x435-1-300x300.jpg\" class=\"attachment-medium size-medium\" alt=\"\" srcset=\"https:\/\/bergangus.ch\/wpBergangus\/wp-content\/uploads\/2023\/12\/DSC07604-435x435-1-300x300.jpg 300w, https:\/\/bergangus.ch\/wpBergangus\/wp-content\/uploads\/2023\/12\/DSC07604-435x435-1-150x150.jpg 150w, https:\/\/bergangus.ch\/wpBergangus\/wp-content\/uploads\/2023\/12\/DSC07604-435x435-1.jpg 435w\" sizes=\"(max-width: 300px) 100vw, 300px\" \/><\/a>\n\t\t\t<\/div><\/figure>\n\t\t<\/div>\n\t\t<\/div>\n\t\t\t\t\t\t<\/div>\n\t\t\t\t<\/div>\n\t\t\t\t<div class=\"elementor-element elementor-element-472df98 elementor-widget elementor-widget-text-editor\" data-id=\"472df98\" data-element_type=\"widget\" data-e-type=\"widget\" data-widget_type=\"text-editor.default\">\n\t\t\t\t<div class=\"elementor-widget-container\">\n\t\t\t\t\t\t\t\t\t<p>Das Black Angus-Rind stammt aus den fruchtbaren K\u00fcstenregionen Ostschottlands und ist eine Kreuzung zwischen den hornlosen Doddies aus der Provinz Angus und den ebenfalls hornlosen Humlies aus Aberdeen. Ende des 18. Jahrhunderts entstand daraus das Aberdeen-Angus, das aufgrund seiner \u00fcberwiegenden Schwarzf\u00e4rbung jedoch besser bekannt ist als Black Angus. Die Bezeichnung \u00abAngus\u00bb stammt von den Kelten und heisst auf G\u00e4lisch \u00abAonghas\u00bb, was so viel bedeutet wie \u00aberste Wahl\u00bb. Heute geh\u00f6ren Black-Angus-Rinder zu den beliebtesten Fleischrinderrassen und werden weltweit gez\u00fcchtet.<\/p>\n<p>Rinder der Rasse Black Angus sind meist einfarbig schwarz gef\u00e4rbt und von Natur aus hornlos. Sie sind relativ kurzbeinig (Widerristh\u00f6he eines Bullen etwa 130 cm), sehr raschw\u00fcchsig und fr\u00fchreif. K\u00fche werden ca. 700 kg; Ochsen und Stiere bis zu 1100 kg schwer.<\/p>\n<p>Die Mutterk\u00fche, die bei Corina und Andreas leben, haben sie alle selbst gezogen. Und jede hat einen eigenen Namen. Selbst die K\u00e4lber, die dereinst in die Nahrungskette eingegliedert werden, haben ihren Namen. Es besteht ein inniges Verh\u00e4ltnis zwischen den K\u00fchen und ihren Besitzern, auch wenn oft behauptet wird, dass die K\u00fche aggressiv seien. Das ist auf dem Hof von Corina und Andreas nicht so: die schwarzen K\u00fche kommen auf Zuruf von der Weide, die Schw\u00e4nze freudig erwartet aufgerichtet, die K\u00e4lber im wilden Galopp im Schlepptau. Sie lassen sich streicheln und herzen und nehmen gern ein Leckerli aus der Hand entgegen.<\/p><p><br><\/p>\t\t\t\t\t\t\t\t<\/div>\n\t\t\t\t<\/div>\n\t\t\t\t\t<\/div>\n\t\t\t\t<\/div>\n\t\t\t\t<\/div>\n\t\t","protected":false},"excerpt":{"rendered":"<p>Mehr zu Black Angus Das Rind mit den schottischen Wurzeln Das Black Angus-Rind stammt aus den fruchtbaren K\u00fcstenregionen Ostschottlands und ist eine Kreuzung zwischen den hornlosen Doddies aus der Provinz Angus und den ebenfalls hornlosen Humlies aus Aberdeen. Ende des 18. Jahrhunderts entstand daraus das Aberdeen-Angus, das aufgrund seiner \u00fcberwiegenden Schwarzf\u00e4rbung jedoch besser bekannt ist [&hellip;]<\/p>\n","protected":false},"author":1,"featured_media":0,"parent":0,"menu_order":2,"comment_status":"closed","ping_status":"closed","template":"","meta":{"site-sidebar-layout":"no-sidebar","site-content-layout":"page-builder","ast-site-content-layout":"default","site-content-style":"default","site-sidebar-style":"default","ast-global-header-display":"","ast-banner-title-visibility":"","ast-main-header-display":"","ast-hfb-above-header-display":"","ast-hfb-below-header-display":"","ast-hfb-mobile-header-display":"","site-post-title":"disabled","ast-breadcrumbs-content":"","ast-featured-img":"disabled","footer-sml-layout":"","ast-disable-related-posts":"","theme-transparent-header-meta":"","adv-header-id-meta":"","stick-header-meta":"","header-above-stick-meta":"","header-main-stick-meta":"","header-below-stick-meta":"","astra-migrate-meta-layouts":"default","ast-page-background-enabled":"default","ast-page-background-meta":{"desktop":{"background-color":"","background-image":"","background-repeat":"repeat","background-position":"center center","background-size":"auto","background-attachment":"scroll","background-type":"","background-media":"","overlay-type":"","overlay-color":"","overlay-opacity":"","overlay-gradient":""},"tablet":{"background-color":"","background-image":"","background-repeat":"repeat","background-position":"center center","background-size":"auto","background-attachment":"scroll","background-type":"","background-media":"","overlay-type":"","overlay-color":"","overlay-opacity":"","overlay-gradient":""},"mobile":{"background-color":"","background-image":"","background-repeat":"repeat","background-position":"center center","background-size":"auto","background-attachment":"scroll","background-type":"","background-media":"","overlay-type":"","overlay-color":"","overlay-opacity":"","overlay-gradient":""}},"ast-content-background-meta":{"desktop":{"background-color":"var(--ast-global-color-5)","background-image":"","background-repeat":"repeat","background-position":"center center","background-size":"auto","background-attachment":"scroll","background-type":"","background-media":"","overlay-type":"","overlay-color":"","overlay-opacity":"","overlay-gradient":""},"tablet":{"background-color":"var(--ast-global-color-5)","background-image":"","background-repeat":"repeat","background-position":"center center","background-size":"auto","background-attachment":"scroll","background-type":"","background-media":"","overlay-type":"","overlay-color":"","overlay-opacity":"","overlay-gradient":""},"mobile":{"background-color":"var(--ast-global-color-5)","background-image":"","background-repeat":"repeat","background-position":"center center","background-size":"auto","background-attachment":"scroll","background-type":"","background-media":"","overlay-type":"","overlay-color":"","overlay-opacity":"","overlay-gradient":""}},"footnotes":""},"class_list":["post-569","page","type-page","status-publish","hentry"],"_links":{"self":[{"href":"https:\/\/bergangus.ch\/wpBergangus\/wp-json\/wp\/v2\/pages\/569","targetHints":{"allow":["GET"]}}],"collection":[{"href":"https:\/\/bergangus.ch\/wpBergangus\/wp-json\/wp\/v2\/pages"}],"about":[{"href":"https:\/\/bergangus.ch\/wpBergangus\/wp-json\/wp\/v2\/types\/page"}],"author":[{"embeddable":true,"href":"https:\/\/bergangus.ch\/wpBergangus\/wp-json\/wp\/v2\/users\/1"}],"replies":[{"embeddable":true,"href":"https:\/\/bergangus.ch\/wpBergangus\/wp-json\/wp\/v2\/comments?post=569"}],"version-history":[{"count":68,"href":"https:\/\/bergangus.ch\/wpBergangus\/wp-json\/wp\/v2\/pages\/569\/revisions"}],"predecessor-version":[{"id":2068,"href":"https:\/\/bergangus.ch\/wpBergangus\/wp-json\/wp\/v2\/pages\/569\/revisions\/2068"}],"wp:attachment":[{"href":"https:\/\/bergangus.ch\/wpBergangus\/wp-json\/wp\/v2\/media?parent=569"}],"curies":[{"name":"wp","href":"https:\/\/api.w.org\/{rel}","templated":true}]}}