{"id":1420,"date":"2023-12-14T14:05:12","date_gmt":"2023-12-14T14:05:12","guid":{"rendered":"https:\/\/bergangus.ch\/wpBergangus\/?page_id=1420"},"modified":"2024-01-17T14:05:19","modified_gmt":"2024-01-17T14:05:19","slug":"alpung","status":"publish","type":"page","link":"https:\/\/bergangus.ch\/wpBergangus\/alpung\/","title":{"rendered":"Alpung"},"content":{"rendered":"\t\t<div data-elementor-type=\"wp-page\" data-elementor-id=\"1420\" class=\"elementor elementor-1420\">\n\t\t\t\t<div class=\"elementor-element elementor-element-1f7799b e-flex e-con-boxed e-con e-parent\" data-id=\"1f7799b\" data-element_type=\"container\" data-e-type=\"container\" data-settings=\"{&quot;background_background&quot;:&quot;classic&quot;,&quot;shape_divider_bottom&quot;:&quot;triangle&quot;}\">\n\t\t\t\t\t<div class=\"e-con-inner\">\n\t\t\t\t<div class=\"elementor-shape elementor-shape-bottom\" aria-hidden=\"true\" data-negative=\"false\">\n\t\t\t<svg xmlns=\"http:\/\/www.w3.org\/2000\/svg\" viewBox=\"0 0 1000 100\" preserveAspectRatio=\"none\">\n\t<path class=\"elementor-shape-fill\" d=\"M500,98.9L0,6.1V0h1000v6.1L500,98.9z\"\/>\n<\/svg>\t\t<\/div>\n\t\t<div class=\"elementor-element elementor-element-a7daa82 e-con-full e-flex e-con e-child\" data-id=\"a7daa82\" data-element_type=\"container\" data-e-type=\"container\">\n\t\t\t\t<\/div>\n\t\t<div class=\"elementor-element elementor-element-59e8376b e-con-full e-flex e-con e-child\" data-id=\"59e8376b\" data-element_type=\"container\" data-e-type=\"container\">\n\t\t\t\t<div class=\"elementor-element elementor-element-7fe20052 elementor-invisible elementor-widget elementor-widget-heading\" data-id=\"7fe20052\" data-element_type=\"widget\" data-e-type=\"widget\" data-settings=\"{&quot;_animation&quot;:&quot;fadeInUp&quot;,&quot;_animation_delay&quot;:200}\" data-widget_type=\"heading.default\">\n\t\t\t\t<div class=\"elementor-widget-container\">\n\t\t\t\t\t<h1 class=\"elementor-heading-title elementor-size-default\">Alpung<\/h1>\t\t\t\t<\/div>\n\t\t\t\t<\/div>\n\t\t\t\t<\/div>\n\t\t<div class=\"elementor-element elementor-element-220a7971 e-con-full e-flex e-con e-child\" data-id=\"220a7971\" data-element_type=\"container\" data-e-type=\"container\">\n\t\t\t\t<\/div>\n\t\t\t\t\t<\/div>\n\t\t\t\t<\/div>\n\t\t<div class=\"elementor-element elementor-element-dd96b1e e-flex e-con-boxed e-con e-parent\" data-id=\"dd96b1e\" data-element_type=\"container\" data-e-type=\"container\">\n\t\t\t\t\t<div class=\"e-con-inner\">\n\t\t\t\t<div class=\"elementor-element elementor-element-8ebc3bb elementor-widget elementor-widget-heading\" data-id=\"8ebc3bb\" data-element_type=\"widget\" data-e-type=\"widget\" data-widget_type=\"heading.default\">\n\t\t\t\t<div class=\"elementor-widget-container\">\n\t\t\t\t\t<h2 class=\"elementor-heading-title elementor-size-default\"><br>Bergzeit f\u00fcr die Bergangus<\/h2>\t\t\t\t<\/div>\n\t\t\t\t<\/div>\n\t\t\t\t<div class=\"elementor-element elementor-element-7759b14 elementor-widget-divider--view-line elementor-widget elementor-widget-divider\" data-id=\"7759b14\" data-element_type=\"widget\" data-e-type=\"widget\" data-widget_type=\"divider.default\">\n\t\t\t\t<div class=\"elementor-widget-container\">\n\t\t\t\t\t\t\t<div class=\"elementor-divider\">\n\t\t\t<span class=\"elementor-divider-separator\">\n\t\t\t\t\t\t<\/span>\n\t\t<\/div>\n\t\t\t\t\t\t<\/div>\n\t\t\t\t<\/div>\n\t\t\t\t<div class=\"elementor-element elementor-element-204aa64 elementor-widget elementor-widget-text-editor\" data-id=\"204aa64\" data-element_type=\"widget\" data-e-type=\"widget\" data-widget_type=\"text-editor.default\">\n\t\t\t\t<div class=\"elementor-widget-container\">\n\t\t\t\t\t\t\t\t\t<p>Rund drei Monate, von Juni bis September, verbringen die \u00abBlack Beautys\u00bb auf der Alp. Die beste Zeit f\u00fcr die Rinder. Weit oberhalb von Pf\u00e4fers, im Calfreisental, das mitten im UNESCO-Welterbegebiet der Sardona liegt, l\u00e4sst es sich die Herde gut gehen. Nat\u00fcrlich kontrolliert, denn einfach so auf die Alp stellen und fertig, w\u00e4re verantwortungslos. Ein kompetentes Hirte-Team k\u00fcmmert sich um die \u201e\u00c4lpler\u201c, versorgt sie mit Salz und Mineralstoffen, kontrolliert ihren Zustand und handelt entsprechend, wenn eins der Tiere krank ist. Doch das ist aber ganz selten der Fall, denn die Bergangus sind f\u00fcr ihre robuste Konstitution und Trittsicherheit bekannt. Weiter schaden sie der Alp nicht, da sie nie so gross und schwer sind wie die modernen, hochgez\u00fcchteten Milchk\u00fche und deshalb den Boden vor Erosion bewahren.<\/p><p>Nat\u00fcrlich besuchen Kohlers ihre Sch\u00fctzlinge so oft es die Arbeiten auf dem Hof zulassen, auch selber, was sich immer gut mit einem Familienausflug kombinieren l\u00e4sst.<\/p>\t\t\t\t\t\t\t\t<\/div>\n\t\t\t\t<\/div>\n\t\t\t\t\t<\/div>\n\t\t\t\t<\/div>\n\t\t<div class=\"elementor-element elementor-element-f6018c6 e-flex e-con-boxed e-con e-parent\" data-id=\"f6018c6\" data-element_type=\"container\" data-e-type=\"container\">\n\t\t\t\t\t<div class=\"e-con-inner\">\n\t\t\t\t<div class=\"elementor-element elementor-element-3413988 elementor-arrows-position-inside elementor-pagination-position-outside elementor-widget elementor-widget-image-carousel\" data-id=\"3413988\" data-element_type=\"widget\" data-e-type=\"widget\" data-settings=\"{&quot;navigation&quot;:&quot;both&quot;,&quot;autoplay&quot;:&quot;yes&quot;,&quot;pause_on_hover&quot;:&quot;yes&quot;,&quot;pause_on_interaction&quot;:&quot;yes&quot;,&quot;autoplay_speed&quot;:5000,&quot;infinite&quot;:&quot;yes&quot;,&quot;speed&quot;:500}\" data-widget_type=\"image-carousel.default\">\n\t\t\t\t<div class=\"elementor-widget-container\">\n\t\t\t\t\t\t\t<div class=\"elementor-image-carousel-wrapper swiper\" role=\"region\" aria-roledescription=\"carousel\" aria-label=\"Bild Karussell\" dir=\"ltr\">\n\t\t\t<div class=\"elementor-image-carousel swiper-wrapper swiper-image-stretch\" aria-live=\"off\">\n\t\t\t\t\t\t\t\t<div class=\"swiper-slide\" role=\"group\" aria-roledescription=\"slide\" aria-label=\"1 von 4\"><a data-elementor-open-lightbox=\"yes\" data-elementor-lightbox-slideshow=\"3413988\" data-elementor-lightbox-title=\"IMG-20210531-WA0020-435x435\" data-e-action-hash=\"#elementor-action%3Aaction%3Dlightbox%26settings%3DeyJpZCI6MTQzNCwidXJsIjoiaHR0cHM6XC9cL2Jlcmdhbmd1cy5jaFwvd3BCZXJnYW5ndXNcL3dwLWNvbnRlbnRcL3VwbG9hZHNcLzIwMjNcLzEyXC9JTUctMjAyMTA1MzEtV0EwMDIwLTQzNXg0MzUtMS5qcGciLCJzbGlkZXNob3ciOiIzNDEzOTg4In0%3D\" href=\"https:\/\/bergangus.ch\/wpBergangus\/wp-content\/uploads\/2023\/12\/IMG-20210531-WA0020-435x435-1.jpg\"><figure class=\"swiper-slide-inner\"><img decoding=\"async\" class=\"swiper-slide-image\" src=\"https:\/\/bergangus.ch\/wpBergangus\/wp-content\/uploads\/2023\/12\/IMG-20210531-WA0020-435x435-1.jpg\" alt=\"Das Calfreisental.\" \/><figcaption class=\"elementor-image-carousel-caption\">Das Calfreisental. <\/figcaption><\/figure><\/a><\/div><div class=\"swiper-slide\" role=\"group\" aria-roledescription=\"slide\" aria-label=\"2 von 4\"><a data-elementor-open-lightbox=\"yes\" data-elementor-lightbox-slideshow=\"3413988\" data-elementor-lightbox-title=\"IMG-20210531-WA0016-435x435\" data-e-action-hash=\"#elementor-action%3Aaction%3Dlightbox%26settings%3DeyJpZCI6MTQzMywidXJsIjoiaHR0cHM6XC9cL2Jlcmdhbmd1cy5jaFwvd3BCZXJnYW5ndXNcL3dwLWNvbnRlbnRcL3VwbG9hZHNcLzIwMjNcLzEyXC9JTUctMjAyMTA1MzEtV0EwMDE2LTQzNXg0MzUtMS5qcGciLCJzbGlkZXNob3ciOiIzNDEzOTg4In0%3D\" href=\"https:\/\/bergangus.ch\/wpBergangus\/wp-content\/uploads\/2023\/12\/IMG-20210531-WA0016-435x435-1.jpg\"><figure class=\"swiper-slide-inner\"><img decoding=\"async\" class=\"swiper-slide-image\" src=\"https:\/\/bergangus.ch\/wpBergangus\/wp-content\/uploads\/2023\/12\/IMG-20210531-WA0016-435x435-1.jpg\" alt=\"Huch, du bist ja gar nicht schwarz?\" \/><figcaption class=\"elementor-image-carousel-caption\">Huch, du bist ja gar nicht schwarz? <\/figcaption><\/figure><\/a><\/div><div class=\"swiper-slide\" role=\"group\" aria-roledescription=\"slide\" aria-label=\"3 von 4\"><a data-elementor-open-lightbox=\"yes\" data-elementor-lightbox-slideshow=\"3413988\" data-elementor-lightbox-title=\"IMG-20210531-WA0015-435x435\" data-e-action-hash=\"#elementor-action%3Aaction%3Dlightbox%26settings%3DeyJpZCI6MTQzMiwidXJsIjoiaHR0cHM6XC9cL2Jlcmdhbmd1cy5jaFwvd3BCZXJnYW5ndXNcL3dwLWNvbnRlbnRcL3VwbG9hZHNcLzIwMjNcLzEyXC9JTUctMjAyMTA1MzEtV0EwMDE1LTQzNXg0MzUtMS5qcGciLCJzbGlkZXNob3ciOiIzNDEzOTg4In0%3D\" href=\"https:\/\/bergangus.ch\/wpBergangus\/wp-content\/uploads\/2023\/12\/IMG-20210531-WA0015-435x435-1.jpg\"><figure class=\"swiper-slide-inner\"><img decoding=\"async\" class=\"swiper-slide-image\" src=\"https:\/\/bergangus.ch\/wpBergangus\/wp-content\/uploads\/2023\/12\/IMG-20210531-WA0015-435x435-1.jpg\" alt=\"Besuch bei den \u00c4lplern.\" \/><figcaption class=\"elementor-image-carousel-caption\">Besuch bei den \u00c4lplern. <\/figcaption><\/figure><\/a><\/div><div class=\"swiper-slide\" role=\"group\" aria-roledescription=\"slide\" aria-label=\"4 von 4\"><a data-elementor-open-lightbox=\"yes\" data-elementor-lightbox-slideshow=\"3413988\" data-elementor-lightbox-title=\"IMG-20210531-WA0041-435x435\" data-e-action-hash=\"#elementor-action%3Aaction%3Dlightbox%26settings%3DeyJpZCI6MTQzMSwidXJsIjoiaHR0cHM6XC9cL2Jlcmdhbmd1cy5jaFwvd3BCZXJnYW5ndXNcL3dwLWNvbnRlbnRcL3VwbG9hZHNcLzIwMjNcLzEyXC9JTUctMjAyMTA1MzEtV0EwMDQxLTQzNXg0MzUtMS5qcGciLCJzbGlkZXNob3ciOiIzNDEzOTg4In0%3D\" href=\"https:\/\/bergangus.ch\/wpBergangus\/wp-content\/uploads\/2023\/12\/IMG-20210531-WA0041-435x435-1.jpg\"><figure class=\"swiper-slide-inner\"><img decoding=\"async\" class=\"swiper-slide-image\" src=\"https:\/\/bergangus.ch\/wpBergangus\/wp-content\/uploads\/2023\/12\/IMG-20210531-WA0041-435x435-1.jpg\" alt=\"Wundernasen!\" \/><figcaption class=\"elementor-image-carousel-caption\">Wundernasen! <\/figcaption><\/figure><\/a><\/div>\t\t\t<\/div>\n\t\t\t\t\t\t\t\t\t\t\t\t<div class=\"elementor-swiper-button elementor-swiper-button-prev\" role=\"button\" tabindex=\"0\">\n\t\t\t\t\t\t<svg aria-hidden=\"true\" class=\"e-font-icon-svg e-eicon-chevron-left\" viewBox=\"0 0 1000 1000\" xmlns=\"http:\/\/www.w3.org\/2000\/svg\"><path d=\"M646 125C629 125 613 133 604 142L308 442C296 454 292 471 292 487 292 504 296 521 308 533L604 854C617 867 629 875 646 875 663 875 679 871 692 858 704 846 713 829 713 812 713 796 708 779 692 767L438 487 692 225C700 217 708 204 708 187 708 171 704 154 692 142 675 129 663 125 646 125Z\"><\/path><\/svg>\t\t\t\t\t<\/div>\n\t\t\t\t\t<div class=\"elementor-swiper-button elementor-swiper-button-next\" role=\"button\" tabindex=\"0\">\n\t\t\t\t\t\t<svg aria-hidden=\"true\" class=\"e-font-icon-svg e-eicon-chevron-right\" viewBox=\"0 0 1000 1000\" xmlns=\"http:\/\/www.w3.org\/2000\/svg\"><path d=\"M696 533C708 521 713 504 713 487 713 471 708 454 696 446L400 146C388 133 375 125 354 125 338 125 325 129 313 142 300 154 292 171 292 187 292 204 296 221 308 233L563 492 304 771C292 783 288 800 288 817 288 833 296 850 308 863 321 871 338 875 354 875 371 875 388 867 400 854L696 533Z\"><\/path><\/svg>\t\t\t\t\t<\/div>\n\t\t\t\t\n\t\t\t\t\t\t\t\t\t<div class=\"swiper-pagination\"><\/div>\n\t\t\t\t\t\t\t\t\t<\/div>\n\t\t\t\t\t\t<\/div>\n\t\t\t\t<\/div>\n\t\t\t\t\t<\/div>\n\t\t\t\t<\/div>\n\t\t\t\t<\/div>\n\t\t","protected":false},"excerpt":{"rendered":"<p>Alpung Bergzeit f\u00fcr die Bergangus Rund drei Monate, von Juni bis September, verbringen die \u00abBlack Beautys\u00bb auf der Alp. Die beste Zeit f\u00fcr die Rinder. Weit oberhalb von Pf\u00e4fers, im Calfreisental, das mitten im UNESCO-Welterbegebiet der Sardona liegt, l\u00e4sst es sich die Herde gut gehen. Nat\u00fcrlich kontrolliert, denn einfach so auf die Alp stellen und [&hellip;]<\/p>\n","protected":false},"author":1,"featured_media":0,"parent":0,"menu_order":0,"comment_status":"closed","ping_status":"closed","template":"","meta":{"site-sidebar-layout":"no-sidebar","site-content-layout":"page-builder","ast-site-content-layout":"full-width-container","site-content-style":"default","site-sidebar-style":"default","ast-global-header-display":"","ast-banner-title-visibility":"","ast-main-header-display":"","ast-hfb-above-header-display":"","ast-hfb-below-header-display":"","ast-hfb-mobile-header-display":"","site-post-title":"disabled","ast-breadcrumbs-content":"","ast-featured-img":"disabled","footer-sml-layout":"","ast-disable-related-posts":"","theme-transparent-header-meta":"","adv-header-id-meta":"","stick-header-meta":"","header-above-stick-meta":"","header-main-stick-meta":"","header-below-stick-meta":"","astra-migrate-meta-layouts":"set","ast-page-background-enabled":"default","ast-page-background-meta":{"desktop":{"background-color":"","background-image":"","background-repeat":"repeat","background-position":"center center","background-size":"auto","background-attachment":"scroll","background-type":"","background-media":"","overlay-type":"","overlay-color":"","overlay-opacity":"","overlay-gradient":""},"tablet":{"background-color":"","background-image":"","background-repeat":"repeat","background-position":"center center","background-size":"auto","background-attachment":"scroll","background-type":"","background-media":"","overlay-type":"","overlay-color":"","overlay-opacity":"","overlay-gradient":""},"mobile":{"background-color":"","background-image":"","background-repeat":"repeat","background-position":"center center","background-size":"auto","background-attachment":"scroll","background-type":"","background-media":"","overlay-type":"","overlay-color":"","overlay-opacity":"","overlay-gradient":""}},"ast-content-background-meta":{"desktop":{"background-color":"var(--ast-global-color-5)","background-image":"","background-repeat":"repeat","background-position":"center center","background-size":"auto","background-attachment":"scroll","background-type":"","background-media":"","overlay-type":"","overlay-color":"","overlay-opacity":"","overlay-gradient":""},"tablet":{"background-color":"var(--ast-global-color-5)","background-image":"","background-repeat":"repeat","background-position":"center center","background-size":"auto","background-attachment":"scroll","background-type":"","background-media":"","overlay-type":"","overlay-color":"","overlay-opacity":"","overlay-gradient":""},"mobile":{"background-color":"var(--ast-global-color-5)","background-image":"","background-repeat":"repeat","background-position":"center center","background-size":"auto","background-attachment":"scroll","background-type":"","background-media":"","overlay-type":"","overlay-color":"","overlay-opacity":"","overlay-gradient":""}},"footnotes":""},"class_list":["post-1420","page","type-page","status-publish","hentry"],"_links":{"self":[{"href":"https:\/\/bergangus.ch\/wpBergangus\/wp-json\/wp\/v2\/pages\/1420","targetHints":{"allow":["GET"]}}],"collection":[{"href":"https:\/\/bergangus.ch\/wpBergangus\/wp-json\/wp\/v2\/pages"}],"about":[{"href":"https:\/\/bergangus.ch\/wpBergangus\/wp-json\/wp\/v2\/types\/page"}],"author":[{"embeddable":true,"href":"https:\/\/bergangus.ch\/wpBergangus\/wp-json\/wp\/v2\/users\/1"}],"replies":[{"embeddable":true,"href":"https:\/\/bergangus.ch\/wpBergangus\/wp-json\/wp\/v2\/comments?post=1420"}],"version-history":[{"count":35,"href":"https:\/\/bergangus.ch\/wpBergangus\/wp-json\/wp\/v2\/pages\/1420\/revisions"}],"predecessor-version":[{"id":1953,"href":"https:\/\/bergangus.ch\/wpBergangus\/wp-json\/wp\/v2\/pages\/1420\/revisions\/1953"}],"wp:attachment":[{"href":"https:\/\/bergangus.ch\/wpBergangus\/wp-json\/wp\/v2\/media?parent=1420"}],"curies":[{"name":"wp","href":"https:\/\/api.w.org\/{rel}","templated":true}]}}